{"id":14,"date":"2022-01-16T15:20:15","date_gmt":"2022-01-16T15:20:15","guid":{"rendered":"https:\/\/ska-allueren.de\/?page_id=14"},"modified":"2025-10-19T09:19:12","modified_gmt":"2025-10-19T09:19:12","slug":"home","status":"publish","type":"page","link":"https:\/\/ska-allueren.de\/?page_id=14","title":{"rendered":"Monster"},"content":{"rendered":"\n<p>Abseits des popkulturellen Maintreams pr\u00e4sentieren die SkaAll\u00fcren seit nunmehr 20 Jahren ihre raue wie gleichsam tanzbare Definition sozialkritischen Ska-Punks. Inspiriert von Bands wie The Toasters, Vodoo Glow Skulls und Left\u00f6ver Crack verbinden die neun Musiker:innen temporeiche Offbeat-Rhythmen mit kraftvollen Shouts und mehrstimmigen Bl\u00e4sermelodien.<\/p>\n\n\n<div class=\"wp-block-image\">\n<figure class=\"aligncenter size-full is-resized\"><img loading=\"lazy\" decoding=\"async\" width=\"500\" height=\"375\" src=\"https:\/\/ska-allueren.de\/wp-content\/uploads\/2022\/01\/sgf2008_01.jpg\" alt=\"\" class=\"wp-image-103\" style=\"width:600px\" srcset=\"https:\/\/ska-allueren.de\/wp-content\/uploads\/2022\/01\/sgf2008_01.jpg 500w, https:\/\/ska-allueren.de\/wp-content\/uploads\/2022\/01\/sgf2008_01-300x225.jpg 300w\" sizes=\"auto, (max-width: 500px) 100vw, 500px\" \/><figcaption class=\"wp-element-caption\">SkaAll\u00fcren (Schlossgrabenfeste 2008)<\/figcaption><\/figure>\n<\/div>\n\n\n<p>Nach mehr als <a href=\"https:\/\/ska-allueren.de\/?page_id=207\" data-type=\"page\" data-id=\"207\">240 Konzerten<\/a> in Deutschland, Polen, Frankreich und der Schweiz &#8211; u.a. mit Feine Sahne Fischfilet, Mark Foggo, Toxoplasma und Stagebottles &#8211; erschien im Mai 2015 ihre Debut-EP <a href=\"http:\/\/skaallueren.bandcamp.com\" target=\"_blank\" rel=\"noreferrer noopener\">&#8222;Mainstream Regime&#8220;<\/a>. Sieben Songs zwischen Politik, Party und Gesellschaftskritik hinterlassen dabei eine eindeutige Maxime: Love Skapunk! Hate Fascism!<\/p>\n\n\n\n<h2 class=\"wp-block-heading has-text-align-center\"><strong>Band<\/strong><\/h2>\n\n\n\n<p class=\"has-text-align-center\">Simon &#8222;Steini&#8220; &#8211; Vocals<br>Simon &#8222;Enderson&#8220; &#8211; Trompete<br>Johanna  &#8211; Saxophon<br>Arne &#8211; Saxophon <br>Rene &#8211; Posaune<br>Matthias &#8222;Zemke&#8220; &#8211; Bass \/ Background-Vocals<br>Christian &#8222;Chris&#8220; &#8211; Drums<br>Mathias &#8211; Gitarre \/ Background-Vocals<br>Johannes &#8211; Keyboard<\/p>\n\n\n\n<h2 class=\"wp-block-heading has-text-align-center\"><strong>Biografie<\/strong><\/h2>\n\n\n\n<p>Die heutigen SkaAll\u00fcren wurden im Sommer 2002 von Matthias Zemke (Bass), Benjamin Becker (Keyboard), Mathias Weber (Gitarre) und J\u00f6rn Christian Bohl (Schlagzeug) zun\u00e4chst in Form eines Ska-Jam-Projektes gegr\u00fcndet. Nach<br>k\u00fcrzester Zeit entstand dabei die Idee, eine echte Ska-Punk-Band aus den bislang unregelm\u00e4\u00dfigen Sessions entstehen zu lassen, sodass im Jahr 2004 die SkaAll\u00fcren mit Anna Becker (Posaune), Francesca Kaes (Alt-Sax), Arne Jendrach (Alt-Sax), Philipp Ritter (Gesang) und Christine Wolf (Trompete) erstmals komplett waren.<\/p>\n\n\n<div class=\"wp-block-image is-resized\">\n<figure class=\"aligncenter size-large\"><img loading=\"lazy\" decoding=\"async\" width=\"1024\" height=\"765\" src=\"https:\/\/ska-allueren.de\/wp-content\/uploads\/2022\/01\/SkaAlluerenBand-1024x765.jpg\" alt=\"\" class=\"wp-image-102\" style=\"width:600px\" srcset=\"https:\/\/ska-allueren.de\/wp-content\/uploads\/2022\/01\/SkaAlluerenBand-1024x765.jpg 1024w, https:\/\/ska-allueren.de\/wp-content\/uploads\/2022\/01\/SkaAlluerenBand-300x224.jpg 300w, https:\/\/ska-allueren.de\/wp-content\/uploads\/2022\/01\/SkaAlluerenBand-768x574.jpg 768w, https:\/\/ska-allueren.de\/wp-content\/uploads\/2022\/01\/SkaAlluerenBand-1536x1147.jpg 1536w, https:\/\/ska-allueren.de\/wp-content\/uploads\/2022\/01\/SkaAlluerenBand-2048x1530.jpg 2048w\" sizes=\"auto, (max-width: 1024px) 100vw, 1024px\" \/><figcaption class=\"wp-element-caption\">SkaAll\u00fcren (ca. 2014)<\/figcaption><\/figure>\n<\/div>\n\n\n<p>Neben einigen internen Line-Up-Wechseln hinterlie\u00df insbesondere der tragische Unfalltod von J\u00f6rn Christian Bohl im Jahr 2005 eine gro\u00dfe L\u00fccke, die mit Christian Hendann Anfang 2006 gl\u00fccklicherweise geschlossen werden konnte. Nur ein Jahr sp\u00e4ter ersch\u00fctterte die SkaAll\u00fcren ein weiterer Schicksalsschlag.Trompeterin Christine Wolf kam im Februar 2006 in Folge eines Verkehrsunfalls ums Leben.<\/p>\n\n\n\n<p>Nach einigen \u00dcberlegungen, aber auch der Gewissheit dar\u00fcber, dass keiner der Verstorbenen einem Aufgeben der Band zugestimmt h\u00e4tte, wurde der Neubeginn fortgesetzt.<\/p>\n\n\n<div class=\"wp-block-image\">\n<figure class=\"aligncenter size-full is-resized\"><img loading=\"lazy\" decoding=\"async\" width=\"720\" height=\"514\" src=\"https:\/\/ska-allueren.de\/wp-content\/uploads\/2025\/10\/Band2024.jpg\" alt=\"\" class=\"wp-image-340\" style=\"width:600px\" srcset=\"https:\/\/ska-allueren.de\/wp-content\/uploads\/2025\/10\/Band2024.jpg 720w, https:\/\/ska-allueren.de\/wp-content\/uploads\/2025\/10\/Band2024-300x214.jpg 300w\" sizes=\"auto, (max-width: 720px) 100vw, 720px\" \/><figcaption class=\"wp-element-caption\">SkaAll\u00fcren (2024)<\/figcaption><\/figure>\n<\/div>","protected":false},"excerpt":{"rendered":"<p>Abseits des popkulturellen Maintreams pr\u00e4sentieren die SkaAll\u00fcren seit nunmehr 20 Jahren ihre raue wie gleichsam tanzbare Definition sozialkritischen Ska-Punks. Inspiriert von Bands wie The Toasters, Vodoo Glow Skulls und Left\u00f6ver&#8230;<\/p>\n<div class=\"more-link-wrapper\"><a class=\"more-link\" href=\"https:\/\/ska-allueren.de\/?page_id=14\">Weiterlesen<span class=\"screen-reader-text\">Monster<\/span><\/a><\/div>\n","protected":false},"author":1,"featured_media":0,"parent":0,"menu_order":0,"comment_status":"closed","ping_status":"closed","template":"","meta":{"iawp_total_views":294,"footnotes":""},"class_list":["post-14","page","type-page","status-publish","hentry","entry"],"_links":{"self":[{"href":"https:\/\/ska-allueren.de\/index.php?rest_route=\/wp\/v2\/pages\/14","targetHints":{"allow":["GET"]}}],"collection":[{"href":"https:\/\/ska-allueren.de\/index.php?rest_route=\/wp\/v2\/pages"}],"about":[{"href":"https:\/\/ska-allueren.de\/index.php?rest_route=\/wp\/v2\/types\/page"}],"author":[{"embeddable":true,"href":"https:\/\/ska-allueren.de\/index.php?rest_route=\/wp\/v2\/users\/1"}],"replies":[{"embeddable":true,"href":"https:\/\/ska-allueren.de\/index.php?rest_route=%2Fwp%2Fv2%2Fcomments&post=14"}],"version-history":[{"count":27,"href":"https:\/\/ska-allueren.de\/index.php?rest_route=\/wp\/v2\/pages\/14\/revisions"}],"predecessor-version":[{"id":343,"href":"https:\/\/ska-allueren.de\/index.php?rest_route=\/wp\/v2\/pages\/14\/revisions\/343"}],"wp:attachment":[{"href":"https:\/\/ska-allueren.de\/index.php?rest_route=%2Fwp%2Fv2%2Fmedia&parent=14"}],"curies":[{"name":"wp","href":"https:\/\/api.w.org\/{rel}","templated":true}]}}