{"id":207,"date":"2022-01-23T10:52:46","date_gmt":"2022-01-23T10:52:46","guid":{"rendered":"https:\/\/ska-allueren.de\/?page_id=207"},"modified":"2022-01-23T12:36:28","modified_gmt":"2022-01-23T12:36:28","slug":"207-2","status":"publish","type":"page","link":"https:\/\/ska-allueren.de\/?page_id=207","title":{"rendered":"Tour"},"content":{"rendered":"\n<p class=\"has-text-align-center\">F\u00fcr Booking-Anfragen k\u00f6nnt ihr Steini gerne eine E-Mail schreiben. Er antwortet so schnell wie m\u00f6glich: <a href=\"mailto:skaallueren-booking@gmx.de\">skaallueren-booking@gmx.de<\/a><\/p>\n\n\n\n\n<table class=\"gigpress-table upcoming\" cellspacing=\"0\">\n\t<tbody>\n\t\t<tr class=\"gigpress-header\">\n\t\t\t<th scope=\"col\" class=\"gigpress-date\">Datum<\/th>\n\t\t\t\t\t<th scope=\"col\" class=\"gigpress-city\">Stadt<\/th>\n\t\t\t<th scope=\"col\" class=\"gigpress-venue\">Location<\/th>\n\t\t\t\t\t<th scope=\"col\" class=\"gigpress-country\">Land<\/th>\n\t\t\t\t<\/tr>\n\t<\/tbody>\n\t\n<tbody>\n\t\n\t<tr class=\"gigpress-row active\">\n\t\n\t\t<td class=\"gigpress-date\">25.09.26\t\t\t\t\t<\/td>\n\t\t\n\t\t\n\t\t<td class=\"gigpress-city\">Bonn, Nordrhein-Westfalen<\/td>\n\t\t\n\t\t<td class=\"gigpress-venue\"><a href=\"https:\/\/kult41.de\">Kult41<\/a><\/td>\n\t\t\n\t\t\t<td class=\"gigpress-country\">Germany<\/td>\n\t\t\n\t<\/tr>\n\t\n\t<tr class=\"gigpress-info active\">\n\t\n\t\t<td class=\"gigpress-links-cell\">\n\t\t\t                    <div class=\"gigpress-calendar-add\">\n                        <a class=\"gigpress-links-toggle\" href=\"#calendar-links-82\">Add<\/a>\n                        <div class=\"gigpress-calendar-links\" id=\"calendar-links-82\">\n                            <div class=\"gigpress-calendar-links-inner\">\n                                                                    <span><a href=\"http:\/\/www.google.com\/calendar\/event?action=TEMPLATE&amp;text=SkaAll%C3%BCren+%2C+Kult41&amp;dates=20260925\/20260925&amp;sprop=website:https%3A%2F%2Fska-allueren.de&amp;sprop=name:SkaAll%C3%BCren&amp;location=Kult41%2C+Hochstadenring+41%2C+Bonn%2C+DE&amp;details=&amp;trp=true;\">zu Google Kalender hinzuf\u00fcgen<\/a><\/span>\n                                                                                                    <span><a href=\"https:\/\/ska-allueren.de\/?feed=gigpress-ical&amp;show_id=82\">iCal herunterladen<\/a><\/span>\n                                                            <\/div>\n                        <\/div>\n                    <\/div>\n\t\t\t    \t\t<\/td>\n\t\t\n\t\t<td colspan=\"3\">\n\t\t\n\t\t\t\t\t\t\n\t\t\t\t\t\t\n\t\t\t\t\t\t\n\t\t\t\t\t\t\n\t\t\t \n\t\t\t\t<span class=\"gigpress-info-item\"><span class=\"gigpress-info-label\">Adresse:<\/span> <a href=\"http:\/\/maps.google.com\/maps?&amp;q=Hochstadenring+41,Bonn,Nordrhein-Westfalen,53119,DE\" class=\"gigpress-address\">Hochstadenring 41<\/a>.<\/span>\n\t\t\t\t\t\t\n\t\t\t\t\t\t\t\n\t\t\t\n\t\t\t\t\t\t\n\t\t\t\t\t\t\n\t\t\t\n\t\t\t\t\t\t\t\t\n\t\t\n\t\t<\/td>\n\t\n\t<\/tr>\n<\/tbody>\t\n\n<tbody>\n\t\n\t<tr class=\"gigpress-row active gigpress-alt\">\n\t\n\t\t<td class=\"gigpress-date\">26.09.26\t\t\t\t\t<\/td>\n\t\t\n\t\t\n\t\t<td class=\"gigpress-city\">Meerbusch, Nordrhein-Westfalen<\/td>\n\t\t\n\t\t<td class=\"gigpress-venue\"><a href=\"https:\/\/pauls-osterath.de\">Pauls Savanne<\/a><\/td>\n\t\t\n\t\t\t<td class=\"gigpress-country\">Germany<\/td>\n\t\t\n\t<\/tr>\n\t\n\t<tr class=\"gigpress-info active gigpress-alt\">\n\t\n\t\t<td class=\"gigpress-links-cell\">\n\t\t\t                    <div class=\"gigpress-calendar-add\">\n                        <a class=\"gigpress-links-toggle\" href=\"#calendar-links-81\">Add<\/a>\n                        <div class=\"gigpress-calendar-links\" id=\"calendar-links-81\">\n                            <div class=\"gigpress-calendar-links-inner\">\n                                                                    <span><a href=\"http:\/\/www.google.com\/calendar\/event?action=TEMPLATE&amp;text=SkaAll%C3%BCren+%2C+Pauls+Savanne&amp;dates=20260926\/20260926&amp;sprop=website:https%3A%2F%2Fska-allueren.de&amp;sprop=name:SkaAll%C3%BCren&amp;location=Pauls+Savanne%2C+Kaarster+Stra%C3%9Fe+1%2C+Meerbusch%2C+DE&amp;details=Anmerkungen%3A+Wagners+Pestspiele+&amp;trp=true;\">zu Google Kalender hinzuf\u00fcgen<\/a><\/span>\n                                                                                                    <span><a href=\"https:\/\/ska-allueren.de\/?feed=gigpress-ical&amp;show_id=81\">iCal herunterladen<\/a><\/span>\n                                                            <\/div>\n                        <\/div>\n                    <\/div>\n\t\t\t    \t\t<\/td>\n\t\t\n\t\t<td colspan=\"3\">\n\t\t\n\t\t\t\t\t\t\n\t\t\t\t\t\t\n\t\t\t\t\t\t\n\t\t\t\t\t\t\n\t\t\t \n\t\t\t\t<span class=\"gigpress-info-item\"><span class=\"gigpress-info-label\">Adresse:<\/span> <a href=\"http:\/\/maps.google.com\/maps?&amp;q=Kaarster+Stra%C3%9Fe+1,Meerbusch,Nordrhein-Westfalen,40670,DE\" class=\"gigpress-address\">Kaarster Stra\u00dfe 1<\/a>.<\/span>\n\t\t\t\t\t\t\n\t\t\t\t\t\t\t\n\t\t\t\n\t\t\t\t\t\t\t<span class=\"gigpress-info-item\">Wagners Pestspiele<\/span>\n\t\t\t\t\t\t\n\t\t\t\t\t\t\n\t\t\t\n\t\t\t\t\t\t\t<span class=\"gigpress-info-item\"><a href=\"https:\/\/pauls-osterath.de\">Mehr Informationen<\/a><\/span>\n\t\t\t\t\t\t\t\t\n\t\t\n\t\t<\/td>\n\t\n\t<\/tr>\n<\/tbody>\t\n\n<\/table>\n<script type=\"application\/ld+json\">[\n    {\n        \"@context\": \"http:\/\/schema.org\",\n        \"@type\": \"Event\",\n        \"name\": \"SkaAll\\u00fcren\",\n        \"startDate\": \"2026-09-25T00:00:01\",\n        \"performers\": {\n            \"@type\": \"Organization\",\n            \"name\": \"SkaAll\\u00fcren\"\n        },\n        \"location\": {\n            \"@type\": \"Place\",\n            \"name\": \"Kult41\",\n            \"url\": \"https:\/\/kult41.de\",\n            \"address\": {\n                \"@type\": \"PostalAddress\",\n                \"streetAddress\": \"Hochstadenring 41\",\n                \"addressLocality\": \"Bonn\",\n                \"addressRegion\": \"Nordrhein-Westfalen\",\n                \"postalCode\": \"53119\",\n                \"addressCountry\": \"Germany\"\n            }\n        }\n    },\n    {\n        \"@context\": \"http:\/\/schema.org\",\n        \"@type\": \"Event\",\n        \"name\": \"SkaAll\\u00fcren\",\n        \"startDate\": \"2026-09-26T00:00:01\",\n        \"url\": \"https:\/\/pauls-osterath.de\",\n        \"description\": \"Wagners Pestspiele\",\n        \"performers\": {\n            \"@type\": \"Organization\",\n            \"name\": \"SkaAll\\u00fcren\"\n        },\n        \"location\": {\n            \"@type\": \"Place\",\n            \"name\": \"Pauls Savanne\",\n            \"url\": \"https:\/\/pauls-osterath.de\",\n            \"address\": {\n                \"@type\": \"PostalAddress\",\n                \"streetAddress\": \"Kaarster Stra\\u00dfe 1\",\n                \"addressLocality\": \"Meerbusch\",\n                \"addressRegion\": \"Nordrhein-Westfalen\",\n                \"postalCode\": \"40670\",\n                \"addressCountry\": \"Germany\"\n            }\n        }\n    }\n]<\/script><!-- Generated by GigPress 2.3.26 -->\n\t\n\n\n<div class=\"wp-block-image\"><figure class=\"aligncenter size-full\"><img loading=\"lazy\" decoding=\"async\" width=\"30\" height=\"30\" src=\"https:\/\/ska-allueren.de\/wp-content\/uploads\/2022\/01\/star.png\" alt=\"\" class=\"wp-image-90\"\/><\/figure><\/div>\n\n\n\n<p class=\"has-text-align-center\">Alle vergangenen Konzerte findest Du im <a href=\"https:\/\/ska-allueren.de\/?page_id=217\" data-type=\"page\" data-id=\"217\">Tour-Archiv<\/a>.<\/p>\n","protected":false},"excerpt":{"rendered":"<p>F\u00fcr Booking-Anfragen k\u00f6nnt ihr Steini gerne eine E-Mail schreiben. Er antwortet so schnell wie m\u00f6glich: skaallueren-booking@gmx.de Alle vergangenen Konzerte findest Du im Tour-Archiv.<\/p>\n","protected":false},"author":1,"featured_media":0,"parent":0,"menu_order":0,"comment_status":"closed","ping_status":"closed","template":"","meta":{"iawp_total_views":313,"footnotes":""},"class_list":["post-207","page","type-page","status-publish","hentry","entry"],"_links":{"self":[{"href":"https:\/\/ska-allueren.de\/index.php?rest_route=\/wp\/v2\/pages\/207","targetHints":{"allow":["GET"]}}],"collection":[{"href":"https:\/\/ska-allueren.de\/index.php?rest_route=\/wp\/v2\/pages"}],"about":[{"href":"https:\/\/ska-allueren.de\/index.php?rest_route=\/wp\/v2\/types\/page"}],"author":[{"embeddable":true,"href":"https:\/\/ska-allueren.de\/index.php?rest_route=\/wp\/v2\/users\/1"}],"replies":[{"embeddable":true,"href":"https:\/\/ska-allueren.de\/index.php?rest_route=%2Fwp%2Fv2%2Fcomments&post=207"}],"version-history":[{"count":9,"href":"https:\/\/ska-allueren.de\/index.php?rest_route=\/wp\/v2\/pages\/207\/revisions"}],"predecessor-version":[{"id":219,"href":"https:\/\/ska-allueren.de\/index.php?rest_route=\/wp\/v2\/pages\/207\/revisions\/219"}],"wp:attachment":[{"href":"https:\/\/ska-allueren.de\/index.php?rest_route=%2Fwp%2Fv2%2Fmedia&parent=207"}],"curies":[{"name":"wp","href":"https:\/\/api.w.org\/{rel}","templated":true}]}}