{"id":64,"date":"2022-01-17T12:09:40","date_gmt":"2022-01-17T12:09:40","guid":{"rendered":"https:\/\/ska-allueren.de\/?page_id=64"},"modified":"2022-01-18T15:35:08","modified_gmt":"2022-01-18T15:35:08","slug":"disco","status":"publish","type":"page","link":"https:\/\/ska-allueren.de\/?page_id=64","title":{"rendered":"Disco"},"content":{"rendered":"\n<h2 class=\"has-text-align-center wp-block-heading\"><strong>Maggus Kofler Charity Single<\/strong><br><strong>(2018)<\/strong><\/h2>\n\n\n\n<div class=\"wp-block-media-text is-stacked-on-mobile is-vertically-aligned-center\" style=\"grid-template-columns:30% auto\"><figure class=\"wp-block-media-text__media\"><img loading=\"lazy\" decoding=\"async\" width=\"300\" height=\"300\" src=\"https:\/\/ska-allueren.de\/wp-content\/uploads\/2022\/01\/MaggusKoflerCharity-300x300.jpg\" alt=\"\" class=\"wp-image-82 size-medium\" srcset=\"https:\/\/ska-allueren.de\/wp-content\/uploads\/2022\/01\/MaggusKoflerCharity-300x300.jpg 300w, https:\/\/ska-allueren.de\/wp-content\/uploads\/2022\/01\/MaggusKoflerCharity-1024x1024.jpg 1024w, https:\/\/ska-allueren.de\/wp-content\/uploads\/2022\/01\/MaggusKoflerCharity-150x150.jpg 150w, https:\/\/ska-allueren.de\/wp-content\/uploads\/2022\/01\/MaggusKoflerCharity-768x768.jpg 768w, https:\/\/ska-allueren.de\/wp-content\/uploads\/2022\/01\/MaggusKoflerCharity.jpg 1200w\" sizes=\"auto, (max-width: 300px) 100vw, 300px\" \/><\/figure><div class=\"wp-block-media-text__content\">\n<p>Die &#8222;Maggus Kofler Charity Single&#8220; entstand im Rahmen der &#8222;Pogen f\u00fcr den guten Zweck&#8220;-Konzertreihe im Dreik\u00f6nigskeller Frankfurt am Main. Im Sinne der Veranstaltung m\u00f6chten wir daher die gesamten Erl\u00f6se an die Seebr\u00fccke Frankfurt spenden.<br><br><strong>Tracks: <\/strong><br>1. Ska-Legende Maggus Kofler<br>2. Skanking Squad<\/p>\n<\/div><\/div>\n\n\n\n<p class=\"has-text-align-left\"><strong>Player:<\/strong><\/p>\n\n\n\n<iframe style=\"border: 0; width: 100%; height: 120px;\" src=\"https:\/\/bandcamp.com\/EmbeddedPlayer\/album=3033099205\/size=large\/bgcol=ffffff\/linkcol=0687f5\/tracklist=false\/artwork=small\/transparent=true\/\" seamless=\"\"><a href=\"https:\/\/skaallueren.bandcamp.com\/album\/maggus-kofler-charity-single\">Maggus Kofler Charity Single by SkaAll\u00fcren<\/a><\/iframe>\n\n\n\n<div class=\"wp-block-image\"><figure class=\"aligncenter size-full\"><img loading=\"lazy\" decoding=\"async\" width=\"30\" height=\"30\" src=\"https:\/\/ska-allueren.de\/wp-content\/uploads\/2022\/01\/star.png\" alt=\"\" class=\"wp-image-90\"\/><\/figure><\/div>\n\n\n\n<h2 class=\"has-text-align-center wp-block-heading\"><strong>Soli Sampler<\/strong><br><strong>(2016)<\/strong><\/h2>\n\n\n\n<div class=\"wp-block-media-text is-stacked-on-mobile is-vertically-aligned-center\" style=\"grid-template-columns:30% auto\"><figure class=\"wp-block-media-text__media\"><img loading=\"lazy\" decoding=\"async\" width=\"280\" height=\"280\" src=\"https:\/\/ska-allueren.de\/wp-content\/uploads\/2022\/01\/disco_bembel_big.jpg\" alt=\"\" class=\"wp-image-65 size-medium\" srcset=\"https:\/\/ska-allueren.de\/wp-content\/uploads\/2022\/01\/disco_bembel_big.jpg 280w, https:\/\/ska-allueren.de\/wp-content\/uploads\/2022\/01\/disco_bembel_big-150x150.jpg 150w\" sizes=\"auto, (max-width: 280px) 100vw, 280px\" \/><\/figure><div class=\"wp-block-media-text__content\">\n<p> Wir sind mit unserem Song &#8222;Brainwashed&#8220; auf dem <em>&#8222;In Hessen sagt man GUDE! Refugees welcome!-Sampler&#8220;<\/em> vertreten. Alle Einnahmen werden zu 100% an Pro Asyl gespendet. <\/p>\n<\/div><\/div>\n\n\n\n<div class=\"wp-block-image\"><figure class=\"aligncenter size-full\"><img loading=\"lazy\" decoding=\"async\" width=\"30\" height=\"30\" src=\"https:\/\/ska-allueren.de\/wp-content\/uploads\/2022\/01\/star.png\" alt=\"\" class=\"wp-image-90\"\/><\/figure><\/div>\n\n\n\n<h2 class=\"has-text-align-center wp-block-heading\"><strong>Mainstream Regime<\/strong><br><strong>(2016)<\/strong><\/h2>\n\n\n\n<div class=\"wp-block-media-text is-stacked-on-mobile is-vertically-aligned-center\" style=\"grid-template-columns:30% auto\"><figure class=\"wp-block-media-text__media\"><img loading=\"lazy\" decoding=\"async\" width=\"280\" height=\"280\" src=\"https:\/\/ska-allueren.de\/wp-content\/uploads\/2022\/01\/disco_mainstream_big.jpg\" alt=\"\" class=\"wp-image-70 size-medium\" srcset=\"https:\/\/ska-allueren.de\/wp-content\/uploads\/2022\/01\/disco_mainstream_big.jpg 280w, https:\/\/ska-allueren.de\/wp-content\/uploads\/2022\/01\/disco_mainstream_big-150x150.jpg 150w\" sizes=\"auto, (max-width: 280px) 100vw, 280px\" \/><\/figure><div class=\"wp-block-media-text__content\">\n<p> <\/p>\n\n\n\n<p><strong>Tracks:<\/strong><br>1. Life should be a skankin&#8216; Party<br>2. Rise &amp; Recollapse<br>3. Brainwashed<br>4. The Hitchhikers&#8216; Tune<br>5. Sellout<br>6. In Tango with Establishment<br>7. Mainstream Regime<br><br> Recorded: The Lab, Darmstadt \/ Mixed: Tom Sp\u00f6tter @ <a rel=\"noreferrer noopener\" href=\"http:\/\/www.out-o-space.de\" target=\"_blank\">Out-O-Space Tonstudio<\/a>, G\u00f6ttingen 2015 \/ Mastered: Hans-J\u00f6rg Maucksch @ Pauler Acoustics, Northeim 2015 \/ Cover Artwork: <a rel=\"noreferrer noopener\" href=\"http:\/\/www.heyapathy.com\" target=\"_blank\">Mike Parsons<\/a> <\/p>\n<\/div><\/div>\n\n\n\n<p><strong>Player:<\/strong><\/p>\n\n\n\n<div class=\"wp-block-columns is-layout-flex wp-container-core-columns-is-layout-9d6595d7 wp-block-columns-is-layout-flex\">\n<div class=\"wp-block-column is-layout-flow wp-block-column-is-layout-flow\">\n<iframe style=\"border: 0; width: 100%; height: 120px;\" src=\"https:\/\/bandcamp.com\/EmbeddedPlayer\/album=951036300\/size=large\/bgcol=ffffff\/linkcol=0687f5\/tracklist=false\/artwork=small\/transparent=true\/\" seamless=\"\"><a href=\"https:\/\/skaallueren.bandcamp.com\/album\/mainstream-regime\">Mainstream Regime by SkaAll\u00fcren<\/a><\/iframe>\n<\/div>\n<\/div>\n\n\n\n<div class=\"wp-block-image\"><figure class=\"aligncenter size-full\"><img loading=\"lazy\" decoding=\"async\" width=\"30\" height=\"30\" src=\"https:\/\/ska-allueren.de\/wp-content\/uploads\/2022\/01\/star.png\" alt=\"\" class=\"wp-image-90\"\/><\/figure><\/div>\n\n\n\n<h2 class=\"has-text-align-center wp-block-heading\"><strong>Always rude &amp; loud Vol. 1 <\/strong><br><strong>(2010)<\/strong><\/h2>\n\n\n\n<div class=\"wp-block-media-text is-stacked-on-mobile is-vertically-aligned-center\" style=\"grid-template-columns:30% auto\"><figure class=\"wp-block-media-text__media\"><img loading=\"lazy\" decoding=\"async\" width=\"280\" height=\"278\" src=\"https:\/\/ska-allueren.de\/wp-content\/uploads\/2022\/01\/disco_always_big.jpg\" alt=\"\" class=\"wp-image-79 size-medium\" srcset=\"https:\/\/ska-allueren.de\/wp-content\/uploads\/2022\/01\/disco_always_big.jpg 280w, https:\/\/ska-allueren.de\/wp-content\/uploads\/2022\/01\/disco_always_big-150x150.jpg 150w\" sizes=\"auto, (max-width: 280px) 100vw, 280px\" \/><\/figure><div class=\"wp-block-media-text__content\">\n<p> Wir sind mit unserem Song &#8222;Rise &amp; Recollapse&#8220; auf dem <em>&#8222;Always Rude &amp; Loud Vol. 1-Sampler&#8220;<\/em> vertreten. <\/p>\n<\/div><\/div>\n\n\n\n<p><\/p>\n","protected":false},"excerpt":{"rendered":"<p>Maggus Kofler Charity Single(2018) Die &#8222;Maggus Kofler Charity Single&#8220; entstand im Rahmen der &#8222;Pogen f\u00fcr den guten Zweck&#8220;-Konzertreihe im Dreik\u00f6nigskeller Frankfurt am Main. Im Sinne der Veranstaltung m\u00f6chten wir daher&#8230;<\/p>\n<div class=\"more-link-wrapper\"><a class=\"more-link\" href=\"https:\/\/ska-allueren.de\/?page_id=64\">Weiterlesen<span class=\"screen-reader-text\">Disco<\/span><\/a><\/div>\n","protected":false},"author":1,"featured_media":0,"parent":0,"menu_order":0,"comment_status":"closed","ping_status":"closed","template":"","meta":{"iawp_total_views":165,"footnotes":""},"class_list":["post-64","page","type-page","status-publish","hentry","entry"],"_links":{"self":[{"href":"https:\/\/ska-allueren.de\/index.php?rest_route=\/wp\/v2\/pages\/64","targetHints":{"allow":["GET"]}}],"collection":[{"href":"https:\/\/ska-allueren.de\/index.php?rest_route=\/wp\/v2\/pages"}],"about":[{"href":"https:\/\/ska-allueren.de\/index.php?rest_route=\/wp\/v2\/types\/page"}],"author":[{"embeddable":true,"href":"https:\/\/ska-allueren.de\/index.php?rest_route=\/wp\/v2\/users\/1"}],"replies":[{"embeddable":true,"href":"https:\/\/ska-allueren.de\/index.php?rest_route=%2Fwp%2Fv2%2Fcomments&post=64"}],"version-history":[{"count":43,"href":"https:\/\/ska-allueren.de\/index.php?rest_route=\/wp\/v2\/pages\/64\/revisions"}],"predecessor-version":[{"id":190,"href":"https:\/\/ska-allueren.de\/index.php?rest_route=\/wp\/v2\/pages\/64\/revisions\/190"}],"wp:attachment":[{"href":"https:\/\/ska-allueren.de\/index.php?rest_route=%2Fwp%2Fv2%2Fmedia&parent=64"}],"curies":[{"name":"wp","href":"https:\/\/api.w.org\/{rel}","templated":true}]}}