{"id":95,"date":"2022-01-17T16:26:40","date_gmt":"2022-01-17T16:26:40","guid":{"rendered":"https:\/\/ska-allueren.de\/?page_id=95"},"modified":"2022-01-17T16:26:40","modified_gmt":"2022-01-17T16:26:40","slug":"kontakt","status":"publish","type":"page","link":"https:\/\/ska-allueren.de\/?page_id=95","title":{"rendered":"Kontakt"},"content":{"rendered":"\n<p>F\u00fcr Booking-Anfragen k\u00f6nnte ihr Steini gerne eine E-Mail schreiben. Er antwortet so schnell wie m\u00f6glich:<br><a href=\"mailto:skaallueren-booking@gmx.de\">skaallueren-booking@gmx.de<\/a><\/p>\n\n\n\n<p>Nat\u00fcrlich k\u00f6nnt ihr uns auch \u00fcber unsere Facebook-Seite kontaktieren:<br><a href=\"http:\/\/www.facebook.com\/skaallueren\">www.facebook.com\/skaallueren<\/a><\/p>\n\n\n\n<p>Unser Webmaster steht euch ebenfalls unter der bekannten E-Mail-Adresse zur Verf\u00fcgung:<br><a href=\"mailto:webmaster@ska-allueren.de\">webmaster@ska-allueren.de<\/a><\/p>\n","protected":false},"excerpt":{"rendered":"<p>F\u00fcr Booking-Anfragen k\u00f6nnte ihr Steini gerne eine E-Mail schreiben. Er antwortet so schnell wie m\u00f6glich:skaallueren-booking@gmx.de Nat\u00fcrlich k\u00f6nnt ihr uns auch \u00fcber unsere Facebook-Seite kontaktieren:www.facebook.com\/skaallueren Unser Webmaster steht euch ebenfalls unter&#8230;<\/p>\n<div class=\"more-link-wrapper\"><a class=\"more-link\" href=\"https:\/\/ska-allueren.de\/?page_id=95\">Weiterlesen<span class=\"screen-reader-text\">Kontakt<\/span><\/a><\/div>\n","protected":false},"author":1,"featured_media":0,"parent":0,"menu_order":0,"comment_status":"closed","ping_status":"closed","template":"","meta":{"iawp_total_views":102,"footnotes":""},"class_list":["post-95","page","type-page","status-publish","hentry","entry"],"_links":{"self":[{"href":"https:\/\/ska-allueren.de\/index.php?rest_route=\/wp\/v2\/pages\/95","targetHints":{"allow":["GET"]}}],"collection":[{"href":"https:\/\/ska-allueren.de\/index.php?rest_route=\/wp\/v2\/pages"}],"about":[{"href":"https:\/\/ska-allueren.de\/index.php?rest_route=\/wp\/v2\/types\/page"}],"author":[{"embeddable":true,"href":"https:\/\/ska-allueren.de\/index.php?rest_route=\/wp\/v2\/users\/1"}],"replies":[{"embeddable":true,"href":"https:\/\/ska-allueren.de\/index.php?rest_route=%2Fwp%2Fv2%2Fcomments&post=95"}],"version-history":[{"count":1,"href":"https:\/\/ska-allueren.de\/index.php?rest_route=\/wp\/v2\/pages\/95\/revisions"}],"predecessor-version":[{"id":96,"href":"https:\/\/ska-allueren.de\/index.php?rest_route=\/wp\/v2\/pages\/95\/revisions\/96"}],"wp:attachment":[{"href":"https:\/\/ska-allueren.de\/index.php?rest_route=%2Fwp%2Fv2%2Fmedia&parent=95"}],"curies":[{"name":"wp","href":"https:\/\/api.w.org\/{rel}","templated":true}]}}